{"id":13777,"date":"2025-03-12T11:32:13","date_gmt":"2025-03-12T15:32:13","guid":{"rendered":"https:\/\/ivry-sur-le-lac.qc.ca\/budget-municipal\/"},"modified":"2026-01-26T16:14:56","modified_gmt":"2026-01-26T21:14:56","slug":"municipal-budget","status":"publish","type":"page","link":"https:\/\/ivry-sur-le-lac.qc.ca\/en\/municipal-budget\/","title":{"rendered":"MUNICIPAL BUDGET"},"content":{"rendered":"<p>[et_pb_section fb_built=&#8221;1&#8243; custom_padding_last_edited=&#8221;on|phone&#8221; _builder_version=&#8221;4.18.0&#8243; custom_padding=&#8221;60px||||false|false&#8221; custom_padding_tablet=&#8221;60px||||false|false&#8221; custom_padding_phone=&#8221;30px||||false|false&#8221; global_colors_info=&#8221;{}&#8221;][et_pb_row module_id=&#8221;content-start&#8221; _builder_version=&#8221;4.16&#8243; custom_padding=&#8221;0px|||||&#8221; global_colors_info=&#8221;{}&#8221;][et_pb_column type=&#8221;4_4&#8243; _builder_version=&#8221;4.16&#8243; global_colors_info=&#8221;{}&#8221;][et_pb_toggle title=&#8221;2026&#8243; open_toggle_background_color=&#8221;#ffffff&#8221; closed_toggle_background_color=&#8221;#ffffff&#8221; icon_color=&#8221;#0b4d80&#8243; open_icon_color=&#8221;#0b4d80&#8243; admin_label=&#8221;2025&#8243; module_id=&#8221;mission&#8221; _builder_version=&#8221;4.18.0&#8243; title_text_color=&#8221;#0b4d80&#8243; title_font=&#8221;|600||on|||||&#8221; custom_margin=&#8221;||0px||false|false&#8221; custom_padding=&#8221;||15px||false|false&#8221; hover_enabled=&#8221;0&#8243; border_width_all=&#8221;0px&#8221; border_width_bottom=&#8221;1px&#8221; global_colors_info=&#8221;{}&#8221; sticky_enabled=&#8221;0&#8243;]<\/p>\n<p><a href=\"https:\/\/ivry-sur-le-lac.qc.ca\/wp-content\/uploads\/2026\/01\/Presentation-budget-2026.pdf\" target=\"_blank\" rel=\"attachment noopener wp-att-13367\">Pr\u00e9sentation budget 2026<\/a><\/p>\n<p><strong>Richesse fonci\u00e8re uniformis\u00e9e (RFU)\u00a0:<\/strong> 535 419 600 $<br \/><strong>Unit\u00e9 de logement :\u00a0<\/strong>472<br \/><strong>Taux de taxes d\u2019Ivry-sur-le-Lac\u00a0:<\/strong> 0.3353 $ \/ 100 $<br \/><strong>Taux de taxes de l\u2019agglom\u00e9ration\u00a0:<\/strong> 0.1398 $ \/ 100$<br \/><strong>Tarif pour la collecte des mati\u00e8res r\u00e9siduelles\u00a0:<\/strong> 149.11 $ par porte<\/p>\n<p>[\/et_pb_toggle][et_pb_toggle title=&#8221;2025&#8243; open_toggle_background_color=&#8221;#ffffff&#8221; closed_toggle_background_color=&#8221;#ffffff&#8221; icon_color=&#8221;#0b4d80&#8243; open_icon_color=&#8221;#0b4d80&#8243; admin_label=&#8221;2025&#8243; module_id=&#8221;mission&#8221; _builder_version=&#8221;4.18.0&#8243; title_text_color=&#8221;#0b4d80&#8243; title_font=&#8221;|600||on|||||&#8221; custom_margin=&#8221;||0px||false|false&#8221; custom_padding=&#8221;||15px||false|false&#8221; border_width_all=&#8221;0px&#8221; border_width_bottom=&#8221;1px&#8221; global_colors_info=&#8221;{}&#8221;]<\/p>\n<p><a href=\"https:\/\/ivry-sur-le-lac.qc.ca\/wp-content\/uploads\/2024\/12\/Presentation-budget-2025.pdf\" target=\"_blank\" rel=\"attachment noopener wp-att-13367\">Pr\u00e9sentation budget 2025<\/a><\/p>\n<p><strong>Richesse fonci\u00e8re uniformis\u00e9e (RFU)\u00a0:<\/strong>\u00a0529 273 700 $<br \/><strong>Unit\u00e9 de logement :\u00a0<\/strong>465<br \/><strong>Taux de taxes d\u2019Ivry-sur-le-Lac\u00a0:<\/strong>\u00a00.3127 $ \/ 100 $<br \/><strong>Taux de taxes de l\u2019agglom\u00e9ration\u00a0:<\/strong>\u00a00.1344 $ \/ 100$<br \/><strong>Tarif pour la collecte des mati\u00e8res r\u00e9siduelles\u00a0:<\/strong>\u00a0140.25 $ par porte<\/p>\n<p>[\/et_pb_toggle][et_pb_toggle title=&#8221;2024&#8243; open_toggle_background_color=&#8221;#ffffff&#8221; closed_toggle_background_color=&#8221;#ffffff&#8221; icon_color=&#8221;#0b4d80&#8243; open_icon_color=&#8221;#0b4d80&#8243; admin_label=&#8221;2024&#8243; module_id=&#8221;mission&#8221; _builder_version=&#8221;4.18.0&#8243; title_text_color=&#8221;#0b4d80&#8243; title_font=&#8221;|600||on|||||&#8221; custom_margin=&#8221;||0px||false|false&#8221; custom_padding=&#8221;||15px||false|false&#8221; border_width_all=&#8221;0px&#8221; border_width_bottom=&#8221;1px&#8221; global_colors_info=&#8221;{}&#8221;]<\/p>\n<p><a href=\"https:\/\/ivry-sur-le-lac.qc.ca\/wp-content\/uploads\/2025\/03\/Budget-municipal-2024.pdf\" rel=\"attachment wp-att-13784\">Budget municipal 2024<\/a><\/p>\n<p>[\/et_pb_toggle][et_pb_toggle title=&#8221;2023&#8243; open_toggle_background_color=&#8221;#ffffff&#8221; closed_toggle_background_color=&#8221;#ffffff&#8221; icon_color=&#8221;#0b4d80&#8243; open_icon_color=&#8221;#0b4d80&#8243; admin_label=&#8221;2023&#8243; module_id=&#8221;mission&#8221; _builder_version=&#8221;4.18.0&#8243; title_text_color=&#8221;#0b4d80&#8243; title_font=&#8221;|600||on|||||&#8221; custom_margin=&#8221;||0px||false|false&#8221; custom_padding=&#8221;||15px||false|false&#8221; border_width_all=&#8221;0px&#8221; border_width_bottom=&#8221;1px&#8221; global_colors_info=&#8221;{}&#8221;]<\/p>\n<p><a href=\"https:\/\/ivry-sur-le-lac.qc.ca\/wp-content\/uploads\/2025\/03\/Budget-municipal-2023.pdf\" rel=\"attachment wp-att-13789\">Budget municipal 2023<\/a><\/p>\n<p>[\/et_pb_toggle][et_pb_toggle title=&#8221;2022&#8243; open_toggle_background_color=&#8221;#ffffff&#8221; closed_toggle_background_color=&#8221;#ffffff&#8221; icon_color=&#8221;#0b4d80&#8243; open_icon_color=&#8221;#0b4d80&#8243; admin_label=&#8221;2022&#8243; module_id=&#8221;mission&#8221; _builder_version=&#8221;4.18.0&#8243; title_text_color=&#8221;#0b4d80&#8243; title_font=&#8221;|600||on|||||&#8221; custom_margin=&#8221;||0px||false|false&#8221; custom_padding=&#8221;||15px||false|false&#8221; border_width_all=&#8221;0px&#8221; border_width_bottom=&#8221;1px&#8221; global_colors_info=&#8221;{}&#8221;]<\/p>\n<p><a href=\"https:\/\/ivry-sur-le-lac.qc.ca\/wp-content\/uploads\/2025\/03\/Budget-municipal-2022.pdf\" rel=\"attachment wp-att-13787\">Budget municipal 2022<\/a><\/p>\n<p>[\/et_pb_toggle][et_pb_toggle title=&#8221;2021&#8243; open_toggle_background_color=&#8221;#ffffff&#8221; closed_toggle_background_color=&#8221;#ffffff&#8221; icon_color=&#8221;#0b4d80&#8243; open_icon_color=&#8221;#0b4d80&#8243; admin_label=&#8221;2021&#8243; module_id=&#8221;mission&#8221; _builder_version=&#8221;4.18.0&#8243; title_text_color=&#8221;#0b4d80&#8243; title_font=&#8221;|600||on|||||&#8221; custom_margin=&#8221;||0px||false|false&#8221; custom_padding=&#8221;||15px||false|false&#8221; border_width_all=&#8221;0px&#8221; border_width_bottom=&#8221;1px&#8221; global_colors_info=&#8221;{}&#8221;]\u00c0 venir&#8230;[\/et_pb_toggle][et_pb_toggle title=&#8221;2020&#8243; open_toggle_background_color=&#8221;#ffffff&#8221; closed_toggle_background_color=&#8221;#ffffff&#8221; icon_color=&#8221;#0b4d80&#8243; open_icon_color=&#8221;#0b4d80&#8243; admin_label=&#8221;2020&#8243; module_id=&#8221;mission&#8221; _builder_version=&#8221;4.18.0&#8243; title_text_color=&#8221;#0b4d80&#8243; title_font=&#8221;|600||on|||||&#8221; custom_margin=&#8221;||0px||false|false&#8221; custom_padding=&#8221;||15px||false|false&#8221; border_width_all=&#8221;0px&#8221; border_width_bottom=&#8221;1px&#8221; global_colors_info=&#8221;{}&#8221;]\u00c0 venir&#8230;[\/et_pb_toggle][\/et_pb_column][\/et_pb_row][\/et_pb_section]<\/p>\n","protected":false},"excerpt":{"rendered":"<p>Pr\u00e9sentation budget 2026 Richesse fonci\u00e8re uniformis\u00e9e (RFU)\u00a0: 535 419 600 $Unit\u00e9 de logement :\u00a0472Taux de taxes d\u2019Ivry-sur-le-Lac\u00a0: 0.3353 $ \/ 100 $Taux de taxes de l\u2019agglom\u00e9ration\u00a0: 0.1398 $ \/ 100$Tarif pour la collecte des mati\u00e8res r\u00e9siduelles\u00a0: 149.11 $ par portePr\u00e9sentation budget 2025 Richesse fonci\u00e8re uniformis\u00e9e (RFU)\u00a0:\u00a0529 273 700 $Unit\u00e9 de logement :\u00a0465Taux de taxes d\u2019Ivry-sur-le-Lac\u00a0:\u00a00.3127 [&hellip;]<\/p>\n","protected":false},"author":15,"featured_media":0,"parent":0,"menu_order":0,"comment_status":"closed","ping_status":"closed","template":"","meta":{"_et_pb_use_builder":"on","_et_pb_old_content":"","_et_gb_content_width":"","footnotes":""},"class_list":["post-13777","page","type-page","status-publish","hentry"],"yoast_head":"<!-- This site is optimized with the Yoast SEO plugin v26.8 - https:\/\/yoast.com\/product\/yoast-seo-wordpress\/ -->\n<title>MUNICIPAL BUDGET | Ivry-sur-le-Lac<\/title>\n<meta name=\"robots\" content=\"index, follow, max-snippet:-1, max-image-preview:large, max-video-preview:-1\" \/>\n<link rel=\"canonical\" href=\"https:\/\/ivry-sur-le-lac.qc.ca\/en\/municipal-budget\/\" \/>\n<meta property=\"og:locale\" content=\"en_US\" \/>\n<meta property=\"og:type\" content=\"article\" \/>\n<meta property=\"og:title\" content=\"MUNICIPAL BUDGET | Ivry-sur-le-Lac\" \/>\n<meta property=\"og:description\" content=\"Pr\u00e9sentation budget 2026 Richesse fonci\u00e8re uniformis\u00e9e (RFU)\u00a0: 535 419 600 $Unit\u00e9 de logement :\u00a0472Taux de taxes d\u2019Ivry-sur-le-Lac\u00a0: 0.3353 $ \/ 100 $Taux de taxes de l\u2019agglom\u00e9ration\u00a0: 0.1398 $ \/ 100$Tarif pour la collecte des mati\u00e8res r\u00e9siduelles\u00a0: 149.11 $ par portePr\u00e9sentation budget 2025 Richesse fonci\u00e8re uniformis\u00e9e (RFU)\u00a0:\u00a0529 273 700 $Unit\u00e9 de logement :\u00a0465Taux de taxes d\u2019Ivry-sur-le-Lac\u00a0:\u00a00.3127 [&hellip;]\" \/>\n<meta property=\"og:url\" content=\"https:\/\/ivry-sur-le-lac.qc.ca\/en\/municipal-budget\/\" \/>\n<meta property=\"og:site_name\" content=\"Ivry-sur-le-Lac\" \/>\n<meta property=\"article:publisher\" content=\"https:\/\/www.facebook.com\/MunicipaliteIvrySurLeLac\" \/>\n<meta property=\"article:modified_time\" content=\"2026-01-26T21:14:56+00:00\" \/>\n<meta property=\"og:image\" content=\"https:\/\/ivry-sur-le-lac.qc.ca\/wp-content\/uploads\/2019\/09\/ivry_header.jpg\" \/>\n\t<meta property=\"og:image:width\" content=\"1920\" \/>\n\t<meta property=\"og:image:height\" content=\"857\" \/>\n\t<meta property=\"og:image:type\" content=\"image\/jpeg\" \/>\n<meta name=\"twitter:card\" content=\"summary_large_image\" \/>\n<meta name=\"twitter:label1\" content=\"Est. reading time\" \/>\n\t<meta name=\"twitter:data1\" content=\"1 minute\" \/>\n<script type=\"application\/ld+json\" class=\"yoast-schema-graph\">{\"@context\":\"https:\/\/schema.org\",\"@graph\":[{\"@type\":\"WebPage\",\"@id\":\"https:\/\/ivry-sur-le-lac.qc.ca\/en\/municipal-budget\/\",\"url\":\"https:\/\/ivry-sur-le-lac.qc.ca\/en\/municipal-budget\/\",\"name\":\"MUNICIPAL BUDGET | Ivry-sur-le-Lac\",\"isPartOf\":{\"@id\":\"https:\/\/ivry-sur-le-lac.qc.ca\/en\/#website\"},\"datePublished\":\"2025-03-12T15:32:13+00:00\",\"dateModified\":\"2026-01-26T21:14:56+00:00\",\"breadcrumb\":{\"@id\":\"https:\/\/ivry-sur-le-lac.qc.ca\/en\/municipal-budget\/#breadcrumb\"},\"inLanguage\":\"en-US\",\"potentialAction\":[{\"@type\":\"ReadAction\",\"target\":[\"https:\/\/ivry-sur-le-lac.qc.ca\/en\/municipal-budget\/\"]}]},{\"@type\":\"BreadcrumbList\",\"@id\":\"https:\/\/ivry-sur-le-lac.qc.ca\/en\/municipal-budget\/#breadcrumb\",\"itemListElement\":[{\"@type\":\"ListItem\",\"position\":1,\"name\":\"Accueil\",\"item\":\"https:\/\/ivry-sur-le-lac.qc.ca\/en\/\"},{\"@type\":\"ListItem\",\"position\":2,\"name\":\"MUNICIPAL BUDGET\"}]},{\"@type\":\"WebSite\",\"@id\":\"https:\/\/ivry-sur-le-lac.qc.ca\/en\/#website\",\"url\":\"https:\/\/ivry-sur-le-lac.qc.ca\/en\/\",\"name\":\"Ivry-sur-le-Lac\",\"description\":\"Ivry-sur-le-lac - Joyau des Laurentides\",\"publisher\":{\"@id\":\"https:\/\/ivry-sur-le-lac.qc.ca\/en\/#organization\"},\"potentialAction\":[{\"@type\":\"SearchAction\",\"target\":{\"@type\":\"EntryPoint\",\"urlTemplate\":\"https:\/\/ivry-sur-le-lac.qc.ca\/en\/?s={search_term_string}\"},\"query-input\":{\"@type\":\"PropertyValueSpecification\",\"valueRequired\":true,\"valueName\":\"search_term_string\"}}],\"inLanguage\":\"en-US\"},{\"@type\":\"Organization\",\"@id\":\"https:\/\/ivry-sur-le-lac.qc.ca\/en\/#organization\",\"name\":\"Municipalit\u00e9 d'Ivry-sur-le-lac\",\"url\":\"https:\/\/ivry-sur-le-lac.qc.ca\/en\/\",\"logo\":{\"@type\":\"ImageObject\",\"inLanguage\":\"en-US\",\"@id\":\"https:\/\/ivry-sur-le-lac.qc.ca\/en\/#\/schema\/logo\/image\/\",\"url\":\"https:\/\/ivry-sur-le-lac.qc.ca\/wp-content\/uploads\/2019\/09\/logo_temp.png\",\"contentUrl\":\"https:\/\/ivry-sur-le-lac.qc.ca\/wp-content\/uploads\/2019\/09\/logo_temp.png\",\"width\":203,\"height\":202,\"caption\":\"Municipalit\u00e9 d'Ivry-sur-le-lac\"},\"image\":{\"@id\":\"https:\/\/ivry-sur-le-lac.qc.ca\/en\/#\/schema\/logo\/image\/\"},\"sameAs\":[\"https:\/\/www.facebook.com\/MunicipaliteIvrySurLeLac\"]}]}<\/script>\n<!-- \/ Yoast SEO plugin. -->","yoast_head_json":{"title":"MUNICIPAL BUDGET | Ivry-sur-le-Lac","robots":{"index":"index","follow":"follow","max-snippet":"max-snippet:-1","max-image-preview":"max-image-preview:large","max-video-preview":"max-video-preview:-1"},"canonical":"https:\/\/ivry-sur-le-lac.qc.ca\/en\/municipal-budget\/","og_locale":"en_US","og_type":"article","og_title":"MUNICIPAL BUDGET | Ivry-sur-le-Lac","og_description":"Pr\u00e9sentation budget 2026 Richesse fonci\u00e8re uniformis\u00e9e (RFU)\u00a0: 535 419 600 $Unit\u00e9 de logement :\u00a0472Taux de taxes d\u2019Ivry-sur-le-Lac\u00a0: 0.3353 $ \/ 100 $Taux de taxes de l\u2019agglom\u00e9ration\u00a0: 0.1398 $ \/ 100$Tarif pour la collecte des mati\u00e8res r\u00e9siduelles\u00a0: 149.11 $ par portePr\u00e9sentation budget 2025 Richesse fonci\u00e8re uniformis\u00e9e (RFU)\u00a0:\u00a0529 273 700 $Unit\u00e9 de logement :\u00a0465Taux de taxes d\u2019Ivry-sur-le-Lac\u00a0:\u00a00.3127 [&hellip;]","og_url":"https:\/\/ivry-sur-le-lac.qc.ca\/en\/municipal-budget\/","og_site_name":"Ivry-sur-le-Lac","article_publisher":"https:\/\/www.facebook.com\/MunicipaliteIvrySurLeLac","article_modified_time":"2026-01-26T21:14:56+00:00","og_image":[{"width":1920,"height":857,"url":"https:\/\/ivry-sur-le-lac.qc.ca\/wp-content\/uploads\/2019\/09\/ivry_header.jpg","type":"image\/jpeg"}],"twitter_card":"summary_large_image","twitter_misc":{"Est. reading time":"1 minute"},"schema":{"@context":"https:\/\/schema.org","@graph":[{"@type":"WebPage","@id":"https:\/\/ivry-sur-le-lac.qc.ca\/en\/municipal-budget\/","url":"https:\/\/ivry-sur-le-lac.qc.ca\/en\/municipal-budget\/","name":"MUNICIPAL BUDGET | Ivry-sur-le-Lac","isPartOf":{"@id":"https:\/\/ivry-sur-le-lac.qc.ca\/en\/#website"},"datePublished":"2025-03-12T15:32:13+00:00","dateModified":"2026-01-26T21:14:56+00:00","breadcrumb":{"@id":"https:\/\/ivry-sur-le-lac.qc.ca\/en\/municipal-budget\/#breadcrumb"},"inLanguage":"en-US","potentialAction":[{"@type":"ReadAction","target":["https:\/\/ivry-sur-le-lac.qc.ca\/en\/municipal-budget\/"]}]},{"@type":"BreadcrumbList","@id":"https:\/\/ivry-sur-le-lac.qc.ca\/en\/municipal-budget\/#breadcrumb","itemListElement":[{"@type":"ListItem","position":1,"name":"Accueil","item":"https:\/\/ivry-sur-le-lac.qc.ca\/en\/"},{"@type":"ListItem","position":2,"name":"MUNICIPAL BUDGET"}]},{"@type":"WebSite","@id":"https:\/\/ivry-sur-le-lac.qc.ca\/en\/#website","url":"https:\/\/ivry-sur-le-lac.qc.ca\/en\/","name":"Ivry-sur-le-Lac","description":"Ivry-sur-le-lac - Joyau des Laurentides","publisher":{"@id":"https:\/\/ivry-sur-le-lac.qc.ca\/en\/#organization"},"potentialAction":[{"@type":"SearchAction","target":{"@type":"EntryPoint","urlTemplate":"https:\/\/ivry-sur-le-lac.qc.ca\/en\/?s={search_term_string}"},"query-input":{"@type":"PropertyValueSpecification","valueRequired":true,"valueName":"search_term_string"}}],"inLanguage":"en-US"},{"@type":"Organization","@id":"https:\/\/ivry-sur-le-lac.qc.ca\/en\/#organization","name":"Municipalit\u00e9 d'Ivry-sur-le-lac","url":"https:\/\/ivry-sur-le-lac.qc.ca\/en\/","logo":{"@type":"ImageObject","inLanguage":"en-US","@id":"https:\/\/ivry-sur-le-lac.qc.ca\/en\/#\/schema\/logo\/image\/","url":"https:\/\/ivry-sur-le-lac.qc.ca\/wp-content\/uploads\/2019\/09\/logo_temp.png","contentUrl":"https:\/\/ivry-sur-le-lac.qc.ca\/wp-content\/uploads\/2019\/09\/logo_temp.png","width":203,"height":202,"caption":"Municipalit\u00e9 d'Ivry-sur-le-lac"},"image":{"@id":"https:\/\/ivry-sur-le-lac.qc.ca\/en\/#\/schema\/logo\/image\/"},"sameAs":["https:\/\/www.facebook.com\/MunicipaliteIvrySurLeLac"]}]}},"_links":{"self":[{"href":"https:\/\/ivry-sur-le-lac.qc.ca\/en\/wp-json\/wp\/v2\/pages\/13777","targetHints":{"allow":["GET"]}}],"collection":[{"href":"https:\/\/ivry-sur-le-lac.qc.ca\/en\/wp-json\/wp\/v2\/pages"}],"about":[{"href":"https:\/\/ivry-sur-le-lac.qc.ca\/en\/wp-json\/wp\/v2\/types\/page"}],"author":[{"embeddable":true,"href":"https:\/\/ivry-sur-le-lac.qc.ca\/en\/wp-json\/wp\/v2\/users\/15"}],"replies":[{"embeddable":true,"href":"https:\/\/ivry-sur-le-lac.qc.ca\/en\/wp-json\/wp\/v2\/comments?post=13777"}],"version-history":[{"count":4,"href":"https:\/\/ivry-sur-le-lac.qc.ca\/en\/wp-json\/wp\/v2\/pages\/13777\/revisions"}],"predecessor-version":[{"id":15034,"href":"https:\/\/ivry-sur-le-lac.qc.ca\/en\/wp-json\/wp\/v2\/pages\/13777\/revisions\/15034"}],"wp:attachment":[{"href":"https:\/\/ivry-sur-le-lac.qc.ca\/en\/wp-json\/wp\/v2\/media?parent=13777"}],"curies":[{"name":"wp","href":"https:\/\/api.w.org\/{rel}","templated":true}]}}