{"id":7899,"date":"2020-04-02T16:27:55","date_gmt":"2020-04-02T20:27:55","guid":{"rendered":"https:\/\/ivry-sur-le-lac.qc.ca\/covid-19-coronavirus\/"},"modified":"2022-10-06T06:53:23","modified_gmt":"2022-10-06T10:53:23","slug":"covid-19-coronavirus","status":"publish","type":"page","link":"https:\/\/ivry-sur-le-lac.qc.ca\/en\/covid-19-coronavirus\/","title":{"rendered":"covid-19-coronavirus"},"content":{"rendered":"<p>[et_pb_section fb_built=&#8221;1&#8243; _builder_version=&#8221;4.16&#8243; background_color=&#8221;#000000&#8243; background_image=&#8221;https:\/\/ivry-sur-le-lac.qc.ca\/wp-content\/uploads\/2020\/04\/virus-bg-3.jpg&#8221; global_colors_info=&#8221;{}&#8221; theme_builder_area=&#8221;post_content&#8221;][et_pb_row column_structure=&#8221;3_5,2_5&#8243; use_custom_gutter=&#8221;on&#8221; module_id=&#8221;content&#8221; _builder_version=&#8221;4.16&#8243; width=&#8221;100%&#8221; max_width=&#8221;90%&#8221; custom_padding=&#8221;||0px|||&#8221; global_colors_info=&#8221;{}&#8221; theme_builder_area=&#8221;post_content&#8221;][et_pb_column type=&#8221;3_5&#8243; _builder_version=&#8221;4.16&#8243; global_colors_info=&#8221;{}&#8221; theme_builder_area=&#8221;post_content&#8221;][et_pb_text _builder_version=&#8221;4.16&#8243; header_text_color=&#8221;#ffffff&#8221; header_2_text_color=&#8221;#ffffff&#8221; header_2_font_size=&#8221;22px&#8221; custom_margin=&#8221;||-4px|||&#8221; border_width_bottom=&#8221;1px&#8221; border_color_bottom=&#8221;#d9d9d9&#8243; global_colors_info=&#8221;{}&#8221; theme_builder_area=&#8221;post_content&#8221;]<\/p>\n<h2>Covid-19<\/h2>\n<p>[\/et_pb_text][\/et_pb_column][et_pb_column type=&#8221;2_5&#8243; _builder_version=&#8221;4.16&#8243; global_colors_info=&#8221;{}&#8221; theme_builder_area=&#8221;post_content&#8221;][\/et_pb_column][\/et_pb_row][et_pb_row column_structure=&#8221;3_5,2_5&#8243; use_custom_gutter=&#8221;on&#8221; _builder_version=&#8221;4.16&#8243; width=&#8221;100%&#8221; max_width=&#8221;90%&#8221; global_colors_info=&#8221;{}&#8221; theme_builder_area=&#8221;post_content&#8221;][et_pb_column type=&#8221;3_5&#8243; _builder_version=&#8221;4.16&#8243; global_colors_info=&#8221;{}&#8221; theme_builder_area=&#8221;post_content&#8221;][et_pb_blog include_categories=&#8221;27&#8243; meta_date=&#8221;j M Y&#8221; show_thumbnail=&#8221;off&#8221; show_more=&#8221;on&#8221; show_author=&#8221;off&#8221; show_date=&#8221;off&#8221; show_categories=&#8221;off&#8221; _builder_version=&#8221;4.16&#8243; header_font=&#8221;|600|||||||&#8221; header_text_color=&#8221;#ffffff&#8221; header_font_size=&#8221;18px&#8221; header_line_height=&#8221;1.2em&#8221; body_text_color=&#8221;#ffffff&#8221; global_colors_info=&#8221;{}&#8221; theme_builder_area=&#8221;post_content&#8221;][\/et_pb_blog][\/et_pb_column][et_pb_column type=&#8221;2_5&#8243; _builder_version=&#8221;4.16&#8243; background_color=&#8221;#2db512&#8243; custom_padding=&#8221;15px|15px|15px|15px|true|true&#8221; global_colors_info=&#8221;{}&#8221; theme_builder_area=&#8221;post_content&#8221;][et_pb_text _builder_version=&#8221;4.16&#8243; text_font=&#8221;|600|||||||&#8221; text_text_color=&#8221;#ffffff&#8221; global_colors_info=&#8221;{}&#8221; theme_builder_area=&#8221;post_content&#8221;]Consultez la liste des ressources pubi\u00e9e par la MRC des Laurentides:[\/et_pb_text][et_pb_blurb use_icon=&#8221;on&#8221; font_icon=&#8221;&#x24;||divi||400&#8243; icon_color=&#8221;#ffffff&#8221; icon_placement=&#8221;left&#8221; _builder_version=&#8221;4.16&#8243; body_text_color=&#8221;#ffffff&#8221; custom_margin=&#8221;||2px||false|false&#8221; custom_padding=&#8221;||2px||false|false&#8221; link_option_url=&#8221;https:\/\/mrclaurentides.qc.ca\/jai-des-questions-au-sujet-de-mon-etat-de-sante-ou-besoins-de-medicaments\/&#8221; link_option_url_new_window=&#8221;on&#8221; border_width_bottom=&#8221;1px&#8221; border_color_bottom=&#8221;rgba(255,255,255,0.18)&#8221; saved_tabs=&#8221;all&#8221; global_colors_info=&#8221;{}&#8221; theme_builder_area=&#8221;post_content&#8221;]<\/p>\n<p>J\u2019ai des questions au sujet de mon \u00e9tat de sant\u00e9 ou besoin de m\u00e9dicaments<\/p>\n<p>[\/et_pb_blurb][et_pb_blurb use_icon=&#8221;on&#8221; font_icon=&#8221;&#x24;||divi||400&#8243; icon_color=&#8221;#ffffff&#8221; icon_placement=&#8221;left&#8221; _builder_version=&#8221;4.16&#8243; body_text_color=&#8221;#ffffff&#8221; custom_margin=&#8221;||2px||false|false&#8221; custom_padding=&#8221;||2px||false|false&#8221; link_option_url=&#8221;https:\/\/mrclaurentides.qc.ca\/jai-besoin-de-denrees-alimentaires\/&#8221; link_option_url_new_window=&#8221;on&#8221; border_width_bottom=&#8221;1px&#8221; border_color_bottom=&#8221;rgba(255,255,255,0.18)&#8221; saved_tabs=&#8221;all&#8221; global_colors_info=&#8221;{}&#8221; theme_builder_area=&#8221;post_content&#8221;]<\/p>\n<p>J&#8217;ai besoin de denrees alimentaires<\/p>\n<p>[\/et_pb_blurb][et_pb_blurb use_icon=&#8221;on&#8221; font_icon=&#8221;&#x24;||divi||400&#8243; icon_color=&#8221;#ffffff&#8221; icon_placement=&#8221;left&#8221; _builder_version=&#8221;4.16&#8243; body_text_color=&#8221;#ffffff&#8221; custom_margin=&#8221;||2px||false|false&#8221; custom_padding=&#8221;||2px||false|false&#8221; link_option_url=&#8221;https:\/\/mrclaurentides.qc.ca\/je-suis-ou-je-connais-une-personne-ainee-en-difficulte\/&#8221; link_option_url_new_window=&#8221;on&#8221; border_width_bottom=&#8221;1px&#8221; border_color_bottom=&#8221;rgba(255,255,255,0.18)&#8221; saved_tabs=&#8221;all&#8221; global_colors_info=&#8221;{}&#8221; theme_builder_area=&#8221;post_content&#8221;]<\/p>\n<p>Je suis ou je connais une personne a\u00een\u00e9e<\/p>\n<p>[\/et_pb_blurb][et_pb_blurb use_icon=&#8221;on&#8221; font_icon=&#8221;&#x24;||divi||400&#8243; icon_color=&#8221;#ffffff&#8221; icon_placement=&#8221;left&#8221; _builder_version=&#8221;4.16&#8243; body_text_color=&#8221;#ffffff&#8221; custom_margin=&#8221;||2px||false|false&#8221; custom_padding=&#8221;||2px||false|false&#8221; link_option_url=&#8221;https:\/\/mrclaurentides.qc.ca\/aidealafamille-jeunesse\/&#8221; link_option_url_new_window=&#8221;on&#8221; border_width_bottom=&#8221;1px&#8221; border_color_bottom=&#8221;rgba(255,255,255,0.18)&#8221; saved_tabs=&#8221;all&#8221; global_colors_info=&#8221;{}&#8221; theme_builder_area=&#8221;post_content&#8221;]<\/p>\n<p>Aide \u00e0 la famille\/ jeunesse<\/p>\n<p>[\/et_pb_blurb][et_pb_blurb use_icon=&#8221;on&#8221; font_icon=&#8221;&#x24;||divi||400&#8243; icon_color=&#8221;#ffffff&#8221; icon_placement=&#8221;left&#8221; _builder_version=&#8221;4.16&#8243; body_text_color=&#8221;#ffffff&#8221; custom_margin=&#8221;||2px||false|false&#8221; custom_padding=&#8221;||2px||false|false&#8221; link_option_url=&#8221;https:\/\/mrclaurentides.qc.ca\/jai-besoin-de-benevoles-ou-jai-envie-de-contribuer\/&#8221; link_option_url_new_window=&#8221;on&#8221; border_width_bottom=&#8221;1px&#8221; border_color_bottom=&#8221;rgba(255,255,255,0.18)&#8221; saved_tabs=&#8221;all&#8221; global_colors_info=&#8221;{}&#8221; theme_builder_area=&#8221;post_content&#8221;]<\/p>\n<p>J\u2019ai besoin de b\u00e9n\u00e9voles ou j\u2019ai envie de contribuer localement<\/p>\n<p>[\/et_pb_blurb][et_pb_blurb use_icon=&#8221;on&#8221; font_icon=&#8221;&#x24;||divi||400&#8243; icon_color=&#8221;#ffffff&#8221; icon_placement=&#8221;left&#8221; _builder_version=&#8221;4.16&#8243; body_text_color=&#8221;#ffffff&#8221; custom_margin=&#8221;||2px||false|false&#8221; custom_padding=&#8221;||2px||false|false&#8221; link_option_url=&#8221;https:\/\/mrclaurentides.qc.ca\/je-suis-un-travailleur-autonome-ou-salarie\/&#8221; link_option_url_new_window=&#8221;on&#8221; border_width_bottom=&#8221;1px&#8221; border_color_bottom=&#8221;rgba(255,255,255,0.18)&#8221; saved_tabs=&#8221;all&#8221; global_colors_info=&#8221;{}&#8221; theme_builder_area=&#8221;post_content&#8221;]<\/p>\n<p>Je suis un travailleur autonome ou salari\u00e9<\/p>\n<p>[\/et_pb_blurb][et_pb_blurb use_icon=&#8221;on&#8221; font_icon=&#8221;&#x24;||divi||400&#8243; icon_color=&#8221;#ffffff&#8221; icon_placement=&#8221;left&#8221; _builder_version=&#8221;4.16&#8243; body_text_color=&#8221;#ffffff&#8221; custom_margin=&#8221;||2px||false|false&#8221; custom_padding=&#8221;||2px||false|false&#8221; link_option_url=&#8221;https:\/\/mrclaurentides.qc.ca\/je-suis-une-entreprise\/&#8221; link_option_url_new_window=&#8221;on&#8221; border_width_bottom=&#8221;1px&#8221; border_color_bottom=&#8221;rgba(255,255,255,0.18)&#8221; saved_tabs=&#8221;all&#8221; global_colors_info=&#8221;{}&#8221; theme_builder_area=&#8221;post_content&#8221;]<\/p>\n<p>Je suis une entreprise<\/p>\n<p>[\/et_pb_blurb][et_pb_blurb use_icon=&#8221;on&#8221; font_icon=&#8221;&#x24;||divi||400&#8243; icon_color=&#8221;#ffffff&#8221; icon_placement=&#8221;left&#8221; _builder_version=&#8221;4.16&#8243; body_text_color=&#8221;#ffffff&#8221; custom_margin=&#8221;||2px||false|false&#8221; custom_padding=&#8221;||2px||false|false&#8221; link_option_url=&#8221;https:\/\/mrclaurentides.qc.ca\/questionsmunicipalite\/&#8221; link_option_url_new_window=&#8221;on&#8221; border_width_bottom=&#8221;1px&#8221; border_color_bottom=&#8221;rgba(255,255,255,0.18)&#8221; saved_tabs=&#8221;all&#8221; global_colors_info=&#8221;{}&#8221; theme_builder_area=&#8221;post_content&#8221;]<\/p>\n<p>Quels sont les services maintenus dans ma municipalit\u00e9?<\/p>\n<p>[\/et_pb_blurb][et_pb_blurb use_icon=&#8221;on&#8221; font_icon=&#8221;&#x24;||divi||400&#8243; icon_color=&#8221;#ffffff&#8221; icon_placement=&#8221;left&#8221; _builder_version=&#8221;4.16&#8243; body_text_color=&#8221;#ffffff&#8221; custom_margin=&#8221;||2px||false|false&#8221; custom_padding=&#8221;||2px||false|false&#8221; link_option_url=&#8221;https:\/\/mrclaurentides.qc.ca\/jai-des-questions-relatives-aux-mesures-prises-par-les-gouvernements-pendant-la-crise-du-coronavirus\/&#8221; link_option_url_new_window=&#8221;on&#8221; border_width_bottom=&#8221;1px&#8221; border_color_bottom=&#8221;rgba(255,255,255,0.18)&#8221; saved_tabs=&#8221;all&#8221; global_colors_info=&#8221;{}&#8221; theme_builder_area=&#8221;post_content&#8221;]<\/p>\n<p>J\u2019ai des questions relatives aux mesures prises par les gouvernements pendant la crise du Coronavirus<\/p>\n<p>[\/et_pb_blurb][et_pb_blurb use_icon=&#8221;on&#8221; font_icon=&#8221;&#x24;||divi||400&#8243; icon_color=&#8221;#ffffff&#8221; icon_placement=&#8221;left&#8221; _builder_version=&#8221;4.16&#8243; body_text_color=&#8221;#ffffff&#8221; custom_margin=&#8221;||2px||false|false&#8221; custom_padding=&#8221;||2px||false|false&#8221; link_option_url=&#8221;https:\/\/mrclaurentides.qc.ca\/autresbesoinsouquestions\/&#8221; link_option_url_new_window=&#8221;on&#8221; border_width_bottom=&#8221;1px&#8221; border_color_bottom=&#8221;rgba(255,255,255,0.18)&#8221; saved_tabs=&#8221;all&#8221; global_colors_info=&#8221;{}&#8221; theme_builder_area=&#8221;post_content&#8221;]<\/p>\n<p>J\u2019ai d\u2019autres besoins ou questions<\/p>\n<p>[\/et_pb_blurb][\/et_pb_column][\/et_pb_row][\/et_pb_section]<\/p>\n","protected":false},"excerpt":{"rendered":"<p>Covid-19Consultez la liste des ressources pubi\u00e9e par la MRC des Laurentides:J\u2019ai des questions au sujet de mon \u00e9tat de sant\u00e9 ou besoin de m\u00e9dicamentsJ&#8217;ai besoin de denrees alimentairesJe suis ou je connais une personne a\u00een\u00e9eAide \u00e0 la famille\/ jeunesseJ\u2019ai besoin de b\u00e9n\u00e9voles ou j\u2019ai envie de contribuer localementJe suis un travailleur autonome ou salari\u00e9Je suis [&hellip;]<\/p>\n","protected":false},"author":14,"featured_media":6534,"parent":0,"menu_order":0,"comment_status":"closed","ping_status":"closed","template":"","meta":{"_et_pb_use_builder":"on","_et_pb_old_content":"","_et_gb_content_width":"","footnotes":""},"class_list":["post-7899","page","type-page","status-publish","has-post-thumbnail","hentry"],"yoast_head":"<!-- This site is optimized with the Yoast SEO plugin v26.8 - https:\/\/yoast.com\/product\/yoast-seo-wordpress\/ -->\n<title>covid-19-coronavirus | Ivry-sur-le-Lac<\/title>\n<meta name=\"robots\" content=\"index, follow, max-snippet:-1, max-image-preview:large, max-video-preview:-1\" \/>\n<link rel=\"canonical\" href=\"https:\/\/ivry-sur-le-lac.qc.ca\/en\/covid-19-coronavirus\/\" \/>\n<meta property=\"og:locale\" content=\"en_US\" \/>\n<meta property=\"og:type\" content=\"article\" \/>\n<meta property=\"og:title\" content=\"covid-19-coronavirus | Ivry-sur-le-Lac\" \/>\n<meta property=\"og:description\" content=\"Covid-19Consultez la liste des ressources pubi\u00e9e par la MRC des Laurentides:J\u2019ai des questions au sujet de mon \u00e9tat de sant\u00e9 ou besoin de m\u00e9dicamentsJ&#039;ai besoin de denrees alimentairesJe suis ou je connais une personne a\u00een\u00e9eAide \u00e0 la famille\/ jeunesseJ\u2019ai besoin de b\u00e9n\u00e9voles ou j\u2019ai envie de contribuer localementJe suis un travailleur autonome ou salari\u00e9Je suis [&hellip;]\" \/>\n<meta property=\"og:url\" content=\"https:\/\/ivry-sur-le-lac.qc.ca\/en\/covid-19-coronavirus\/\" \/>\n<meta property=\"og:site_name\" content=\"Ivry-sur-le-Lac\" \/>\n<meta property=\"article:publisher\" content=\"https:\/\/www.facebook.com\/MunicipaliteIvrySurLeLac\" \/>\n<meta property=\"article:modified_time\" content=\"2022-10-06T10:53:23+00:00\" \/>\n<meta property=\"og:image\" content=\"https:\/\/ivry-sur-le-lac.qc.ca\/wp-content\/uploads\/2019\/09\/header_urbanisme.jpg\" \/>\n\t<meta property=\"og:image:width\" content=\"1920\" \/>\n\t<meta property=\"og:image:height\" content=\"991\" \/>\n\t<meta property=\"og:image:type\" content=\"image\/jpeg\" \/>\n<meta name=\"twitter:card\" content=\"summary_large_image\" \/>\n<meta name=\"twitter:label1\" content=\"Est. reading time\" \/>\n\t<meta name=\"twitter:data1\" content=\"5 minutes\" \/>\n<script type=\"application\/ld+json\" class=\"yoast-schema-graph\">{\"@context\":\"https:\/\/schema.org\",\"@graph\":[{\"@type\":\"WebPage\",\"@id\":\"https:\/\/ivry-sur-le-lac.qc.ca\/en\/covid-19-coronavirus\/\",\"url\":\"https:\/\/ivry-sur-le-lac.qc.ca\/en\/covid-19-coronavirus\/\",\"name\":\"covid-19-coronavirus | Ivry-sur-le-Lac\",\"isPartOf\":{\"@id\":\"https:\/\/ivry-sur-le-lac.qc.ca\/en\/#website\"},\"primaryImageOfPage\":{\"@id\":\"https:\/\/ivry-sur-le-lac.qc.ca\/en\/covid-19-coronavirus\/#primaryimage\"},\"image\":{\"@id\":\"https:\/\/ivry-sur-le-lac.qc.ca\/en\/covid-19-coronavirus\/#primaryimage\"},\"thumbnailUrl\":\"https:\/\/ivry-sur-le-lac.qc.ca\/wp-content\/uploads\/2019\/09\/header_urbanisme.jpg\",\"datePublished\":\"2020-04-02T20:27:55+00:00\",\"dateModified\":\"2022-10-06T10:53:23+00:00\",\"breadcrumb\":{\"@id\":\"https:\/\/ivry-sur-le-lac.qc.ca\/en\/covid-19-coronavirus\/#breadcrumb\"},\"inLanguage\":\"en-US\",\"potentialAction\":[{\"@type\":\"ReadAction\",\"target\":[\"https:\/\/ivry-sur-le-lac.qc.ca\/en\/covid-19-coronavirus\/\"]}]},{\"@type\":\"ImageObject\",\"inLanguage\":\"en-US\",\"@id\":\"https:\/\/ivry-sur-le-lac.qc.ca\/en\/covid-19-coronavirus\/#primaryimage\",\"url\":\"https:\/\/ivry-sur-le-lac.qc.ca\/wp-content\/uploads\/2019\/09\/header_urbanisme.jpg\",\"contentUrl\":\"https:\/\/ivry-sur-le-lac.qc.ca\/wp-content\/uploads\/2019\/09\/header_urbanisme.jpg\",\"width\":1920,\"height\":991},{\"@type\":\"BreadcrumbList\",\"@id\":\"https:\/\/ivry-sur-le-lac.qc.ca\/en\/covid-19-coronavirus\/#breadcrumb\",\"itemListElement\":[{\"@type\":\"ListItem\",\"position\":1,\"name\":\"Accueil\",\"item\":\"https:\/\/ivry-sur-le-lac.qc.ca\/en\/\"},{\"@type\":\"ListItem\",\"position\":2,\"name\":\"covid-19-coronavirus\"}]},{\"@type\":\"WebSite\",\"@id\":\"https:\/\/ivry-sur-le-lac.qc.ca\/en\/#website\",\"url\":\"https:\/\/ivry-sur-le-lac.qc.ca\/en\/\",\"name\":\"Ivry-sur-le-Lac\",\"description\":\"Ivry-sur-le-lac - Joyau des Laurentides\",\"publisher\":{\"@id\":\"https:\/\/ivry-sur-le-lac.qc.ca\/en\/#organization\"},\"potentialAction\":[{\"@type\":\"SearchAction\",\"target\":{\"@type\":\"EntryPoint\",\"urlTemplate\":\"https:\/\/ivry-sur-le-lac.qc.ca\/en\/?s={search_term_string}\"},\"query-input\":{\"@type\":\"PropertyValueSpecification\",\"valueRequired\":true,\"valueName\":\"search_term_string\"}}],\"inLanguage\":\"en-US\"},{\"@type\":\"Organization\",\"@id\":\"https:\/\/ivry-sur-le-lac.qc.ca\/en\/#organization\",\"name\":\"Municipalit\u00e9 d'Ivry-sur-le-lac\",\"url\":\"https:\/\/ivry-sur-le-lac.qc.ca\/en\/\",\"logo\":{\"@type\":\"ImageObject\",\"inLanguage\":\"en-US\",\"@id\":\"https:\/\/ivry-sur-le-lac.qc.ca\/en\/#\/schema\/logo\/image\/\",\"url\":\"https:\/\/ivry-sur-le-lac.qc.ca\/wp-content\/uploads\/2019\/09\/logo_temp.png\",\"contentUrl\":\"https:\/\/ivry-sur-le-lac.qc.ca\/wp-content\/uploads\/2019\/09\/logo_temp.png\",\"width\":203,\"height\":202,\"caption\":\"Municipalit\u00e9 d'Ivry-sur-le-lac\"},\"image\":{\"@id\":\"https:\/\/ivry-sur-le-lac.qc.ca\/en\/#\/schema\/logo\/image\/\"},\"sameAs\":[\"https:\/\/www.facebook.com\/MunicipaliteIvrySurLeLac\"]}]}<\/script>\n<!-- \/ Yoast SEO plugin. -->","yoast_head_json":{"title":"covid-19-coronavirus | Ivry-sur-le-Lac","robots":{"index":"index","follow":"follow","max-snippet":"max-snippet:-1","max-image-preview":"max-image-preview:large","max-video-preview":"max-video-preview:-1"},"canonical":"https:\/\/ivry-sur-le-lac.qc.ca\/en\/covid-19-coronavirus\/","og_locale":"en_US","og_type":"article","og_title":"covid-19-coronavirus | Ivry-sur-le-Lac","og_description":"Covid-19Consultez la liste des ressources pubi\u00e9e par la MRC des Laurentides:J\u2019ai des questions au sujet de mon \u00e9tat de sant\u00e9 ou besoin de m\u00e9dicamentsJ'ai besoin de denrees alimentairesJe suis ou je connais une personne a\u00een\u00e9eAide \u00e0 la famille\/ jeunesseJ\u2019ai besoin de b\u00e9n\u00e9voles ou j\u2019ai envie de contribuer localementJe suis un travailleur autonome ou salari\u00e9Je suis [&hellip;]","og_url":"https:\/\/ivry-sur-le-lac.qc.ca\/en\/covid-19-coronavirus\/","og_site_name":"Ivry-sur-le-Lac","article_publisher":"https:\/\/www.facebook.com\/MunicipaliteIvrySurLeLac","article_modified_time":"2022-10-06T10:53:23+00:00","og_image":[{"width":1920,"height":991,"url":"https:\/\/ivry-sur-le-lac.qc.ca\/wp-content\/uploads\/2019\/09\/header_urbanisme.jpg","type":"image\/jpeg"}],"twitter_card":"summary_large_image","twitter_misc":{"Est. reading time":"5 minutes"},"schema":{"@context":"https:\/\/schema.org","@graph":[{"@type":"WebPage","@id":"https:\/\/ivry-sur-le-lac.qc.ca\/en\/covid-19-coronavirus\/","url":"https:\/\/ivry-sur-le-lac.qc.ca\/en\/covid-19-coronavirus\/","name":"covid-19-coronavirus | Ivry-sur-le-Lac","isPartOf":{"@id":"https:\/\/ivry-sur-le-lac.qc.ca\/en\/#website"},"primaryImageOfPage":{"@id":"https:\/\/ivry-sur-le-lac.qc.ca\/en\/covid-19-coronavirus\/#primaryimage"},"image":{"@id":"https:\/\/ivry-sur-le-lac.qc.ca\/en\/covid-19-coronavirus\/#primaryimage"},"thumbnailUrl":"https:\/\/ivry-sur-le-lac.qc.ca\/wp-content\/uploads\/2019\/09\/header_urbanisme.jpg","datePublished":"2020-04-02T20:27:55+00:00","dateModified":"2022-10-06T10:53:23+00:00","breadcrumb":{"@id":"https:\/\/ivry-sur-le-lac.qc.ca\/en\/covid-19-coronavirus\/#breadcrumb"},"inLanguage":"en-US","potentialAction":[{"@type":"ReadAction","target":["https:\/\/ivry-sur-le-lac.qc.ca\/en\/covid-19-coronavirus\/"]}]},{"@type":"ImageObject","inLanguage":"en-US","@id":"https:\/\/ivry-sur-le-lac.qc.ca\/en\/covid-19-coronavirus\/#primaryimage","url":"https:\/\/ivry-sur-le-lac.qc.ca\/wp-content\/uploads\/2019\/09\/header_urbanisme.jpg","contentUrl":"https:\/\/ivry-sur-le-lac.qc.ca\/wp-content\/uploads\/2019\/09\/header_urbanisme.jpg","width":1920,"height":991},{"@type":"BreadcrumbList","@id":"https:\/\/ivry-sur-le-lac.qc.ca\/en\/covid-19-coronavirus\/#breadcrumb","itemListElement":[{"@type":"ListItem","position":1,"name":"Accueil","item":"https:\/\/ivry-sur-le-lac.qc.ca\/en\/"},{"@type":"ListItem","position":2,"name":"covid-19-coronavirus"}]},{"@type":"WebSite","@id":"https:\/\/ivry-sur-le-lac.qc.ca\/en\/#website","url":"https:\/\/ivry-sur-le-lac.qc.ca\/en\/","name":"Ivry-sur-le-Lac","description":"Ivry-sur-le-lac - Joyau des Laurentides","publisher":{"@id":"https:\/\/ivry-sur-le-lac.qc.ca\/en\/#organization"},"potentialAction":[{"@type":"SearchAction","target":{"@type":"EntryPoint","urlTemplate":"https:\/\/ivry-sur-le-lac.qc.ca\/en\/?s={search_term_string}"},"query-input":{"@type":"PropertyValueSpecification","valueRequired":true,"valueName":"search_term_string"}}],"inLanguage":"en-US"},{"@type":"Organization","@id":"https:\/\/ivry-sur-le-lac.qc.ca\/en\/#organization","name":"Municipalit\u00e9 d'Ivry-sur-le-lac","url":"https:\/\/ivry-sur-le-lac.qc.ca\/en\/","logo":{"@type":"ImageObject","inLanguage":"en-US","@id":"https:\/\/ivry-sur-le-lac.qc.ca\/en\/#\/schema\/logo\/image\/","url":"https:\/\/ivry-sur-le-lac.qc.ca\/wp-content\/uploads\/2019\/09\/logo_temp.png","contentUrl":"https:\/\/ivry-sur-le-lac.qc.ca\/wp-content\/uploads\/2019\/09\/logo_temp.png","width":203,"height":202,"caption":"Municipalit\u00e9 d'Ivry-sur-le-lac"},"image":{"@id":"https:\/\/ivry-sur-le-lac.qc.ca\/en\/#\/schema\/logo\/image\/"},"sameAs":["https:\/\/www.facebook.com\/MunicipaliteIvrySurLeLac"]}]}},"_links":{"self":[{"href":"https:\/\/ivry-sur-le-lac.qc.ca\/en\/wp-json\/wp\/v2\/pages\/7899","targetHints":{"allow":["GET"]}}],"collection":[{"href":"https:\/\/ivry-sur-le-lac.qc.ca\/en\/wp-json\/wp\/v2\/pages"}],"about":[{"href":"https:\/\/ivry-sur-le-lac.qc.ca\/en\/wp-json\/wp\/v2\/types\/page"}],"author":[{"embeddable":true,"href":"https:\/\/ivry-sur-le-lac.qc.ca\/en\/wp-json\/wp\/v2\/users\/14"}],"replies":[{"embeddable":true,"href":"https:\/\/ivry-sur-le-lac.qc.ca\/en\/wp-json\/wp\/v2\/comments?post=7899"}],"version-history":[{"count":2,"href":"https:\/\/ivry-sur-le-lac.qc.ca\/en\/wp-json\/wp\/v2\/pages\/7899\/revisions"}],"predecessor-version":[{"id":7950,"href":"https:\/\/ivry-sur-le-lac.qc.ca\/en\/wp-json\/wp\/v2\/pages\/7899\/revisions\/7950"}],"wp:featuredmedia":[{"embeddable":true,"href":"https:\/\/ivry-sur-le-lac.qc.ca\/en\/wp-json\/wp\/v2\/media\/6534"}],"wp:attachment":[{"href":"https:\/\/ivry-sur-le-lac.qc.ca\/en\/wp-json\/wp\/v2\/media?parent=7899"}],"curies":[{"name":"wp","href":"https:\/\/api.w.org\/{rel}","templated":true}]}}